{"id":5728,"date":"2020-03-20T22:15:04","date_gmt":"2020-03-20T21:15:04","guid":{"rendered":"https:\/\/imkerverein-wunstorf.info\/?page_id=5728"},"modified":"2026-04-22T22:06:56","modified_gmt":"2026-04-22T20:06:56","slug":"veranstaltungen","status":"publish","type":"page","link":"https:\/\/imkerverein-wunstorf.info\/?page_id=5728","title":{"rendered":"Aktuelles"},"content":{"rendered":"\t\t<div data-elementor-type=\"wp-page\" data-elementor-id=\"5728\" class=\"elementor elementor-5728\">\n\t\t\t\t\t\t<section class=\"elementor-section elementor-top-section elementor-element elementor-element-7ee6ff5 elementor-section-boxed elementor-section-height-default elementor-section-height-default\" data-id=\"7ee6ff5\" data-element_type=\"section\" data-e-type=\"section\">\n\t\t\t\t\t\t<div class=\"elementor-container elementor-column-gap-default\">\n\t\t\t\t\t<div class=\"elementor-column elementor-col-100 elementor-top-column elementor-element elementor-element-0d8aaec\" data-id=\"0d8aaec\" data-element_type=\"column\" data-e-type=\"column\">\n\t\t\t<div class=\"elementor-widget-wrap elementor-element-populated\">\n\t\t\t\t\t\t<div class=\"elementor-element elementor-element-f63bcc2 elementor-widget elementor-widget-spacer\" data-id=\"f63bcc2\" data-element_type=\"widget\" data-e-type=\"widget\" data-widget_type=\"spacer.default\">\n\t\t\t\t<div class=\"elementor-widget-container\">\n\t\t\t\t\t\t\t<div class=\"elementor-spacer\">\n\t\t\t<div class=\"elementor-spacer-inner\"><\/div>\n\t\t<\/div>\n\t\t\t\t\t\t<\/div>\n\t\t\t\t<\/div>\n\t\t\t\t\t<\/div>\n\t\t<\/div>\n\t\t\t\t\t<\/div>\n\t\t<\/section>\n\t\t\t\t<section class=\"elementor-section elementor-top-section elementor-element elementor-element-12b3c64 elementor-section-boxed elementor-section-height-default elementor-section-height-default\" data-id=\"12b3c64\" data-element_type=\"section\" data-e-type=\"section\">\n\t\t\t\t\t\t<div class=\"elementor-container elementor-column-gap-default\">\n\t\t\t\t\t<div class=\"elementor-column elementor-col-100 elementor-top-column elementor-element elementor-element-15256dd\" data-id=\"15256dd\" data-element_type=\"column\" data-e-type=\"column\">\n\t\t\t<div class=\"elementor-widget-wrap elementor-element-populated\">\n\t\t\t\t\t\t<div class=\"elementor-element elementor-element-b45b412 elementor-widget-divider--view-line elementor-widget elementor-widget-divider\" data-id=\"b45b412\" data-element_type=\"widget\" data-e-type=\"widget\" data-widget_type=\"divider.default\">\n\t\t\t\t<div class=\"elementor-widget-container\">\n\t\t\t\t\t\t\t<div class=\"elementor-divider\">\n\t\t\t<span class=\"elementor-divider-separator\">\n\t\t\t\t\t\t<\/span>\n\t\t<\/div>\n\t\t\t\t\t\t<\/div>\n\t\t\t\t<\/div>\n\t\t\t\t\t<\/div>\n\t\t<\/div>\n\t\t\t\t\t<\/div>\n\t\t<\/section>\n\t\t\t\t<section class=\"elementor-section elementor-top-section elementor-element elementor-element-9b54456 elementor-section-boxed elementor-section-height-default elementor-section-height-default\" data-id=\"9b54456\" data-element_type=\"section\" data-e-type=\"section\">\n\t\t\t\t\t\t<div class=\"elementor-container elementor-column-gap-default\">\n\t\t\t\t\t<div class=\"elementor-column elementor-col-100 elementor-top-column elementor-element elementor-element-049f166\" data-id=\"049f166\" data-element_type=\"column\" data-e-type=\"column\">\n\t\t\t<div class=\"elementor-widget-wrap elementor-element-populated\">\n\t\t\t\t\t\t<div class=\"elementor-element elementor-element-a4bf6e9 elementor-widget elementor-widget-testimonial\" data-id=\"a4bf6e9\" data-element_type=\"widget\" data-e-type=\"widget\" data-widget_type=\"testimonial.default\">\n\t\t\t\t<div class=\"elementor-widget-container\">\n\t\t\t\t\t\t\t<div class=\"elementor-testimonial-wrapper\">\n\t\t\t\t\t\t\t<div class=\"elementor-testimonial-content\">Der IV Hannover-S\u00fcd e.V. hei\u00dft alle G\u00e4ste herzlich willkommen.: <br> \n\"Ist eine moderne Zeidlerei m\u00f6glich?\" <br> \nKann diese historische Art der Imkerei ein Einkommen sichern? <br> \nErfahrungsbericht zu moderner Zeidlerei <br>  \nWaldbienenhaltung von Bienenv\u00f6lkern in lebenden B\u00e4umen und Klotzbeuten in Einzelaufstellung.\nHerstellung der k\u00fcnstlichen Baumh\u00f6hlen\nEinlogieren von Bienenv\u00f6lkern\nBetriebsweise mit Naturbauwaben\nBienengesundheit\nVarroadiagnose und ggf. n\u00f6tiger Varroabehandlung\nSpannungsfeld Wildbienen\/Honigbienen aus Imkersicht. <br> \u00dcber all dies wollen wir mit Norbert Poeplau ins Gespr\u00e4ch kommen. \n<br>  Zur Person:\nNeben Vortr\u00e4gen und vielen Imkerkursen f\u00fcr Anf\u00e4nger und Fortgeschrittene Imker hat Norbert Poeplau Lehrlinge im Imkerhandwerk ausgebildet. <br> \n\n\n\n\n                    Sportgastst\u00e4tte \u201eAlt Laatzen\u201c\n\n                    Auf der Dehne 2a\n\n                    30880 Laatzen .<br> \n\nDer EINTRITT ist FREI, Anmeldungen sind nicht n\u00f6tig. <br> \nDer IV Hannover-S\u00fcd e.V. hei\u00dft auch alle G\u00e4ste herzlich willkommen.\n<\/div>\n\t\t\t\n\t\t\t\t\t\t<div class=\"elementor-testimonial-meta elementor-has-image elementor-testimonial-image-position-aside\">\n\t\t\t\t<div class=\"elementor-testimonial-meta-inner\">\n\t\t\t\t\t\t\t\t\t\t\t<div class=\"elementor-testimonial-image\">\n\t\t\t\t\t\t\t<img fetchpriority=\"high\" decoding=\"async\" width=\"800\" height=\"533\" src=\"https:\/\/imkerverein-wunstorf.info\/wp-content\/uploads\/2022\/12\/kalender-27139310.jpg\" class=\"attachment-full size-full wp-image-6717\" alt=\"\" srcset=\"https:\/\/imkerverein-wunstorf.info\/wp-content\/uploads\/2022\/12\/kalender-27139310.jpg 800w, https:\/\/imkerverein-wunstorf.info\/wp-content\/uploads\/2022\/12\/kalender-27139310-300x200.jpg 300w, https:\/\/imkerverein-wunstorf.info\/wp-content\/uploads\/2022\/12\/kalender-27139310-768x512.jpg 768w, https:\/\/imkerverein-wunstorf.info\/wp-content\/uploads\/2022\/12\/kalender-27139310-705x470.jpg 705w, https:\/\/imkerverein-wunstorf.info\/wp-content\/uploads\/2022\/12\/kalender-27139310-600x400.jpg 600w\" sizes=\"(max-width: 800px) 100vw, 800px\" \/>\t\t\t\t\t\t<\/div>\n\t\t\t\t\t\n\t\t\t\t\t\t\t\t\t\t<div class=\"elementor-testimonial-details\">\n\t\t\t\t\t\t\t\t\t\t\t\t\t\t<div class=\"elementor-testimonial-name\">23. April 2026<\/div>\n\t\t\t\t\t\t\t\t\t\t\t\t\t\t\t\t\t\t\t\t\t\t<div class=\"elementor-testimonial-job\">19 Uhr<\/div>\n\t\t\t\t\t\t\t\t\t\t\t\t\t<\/div>\n\t\t\t\t\t\t\t\t\t<\/div>\n\t\t\t<\/div>\n\t\t\t\t\t<\/div>\n\t\t\t\t\t\t<\/div>\n\t\t\t\t<\/div>\n\t\t\t\t\t<\/div>\n\t\t<\/div>\n\t\t\t\t\t<\/div>\n\t\t<\/section>\n\t\t\t\t<section class=\"elementor-section elementor-top-section elementor-element elementor-element-c58d849 elementor-section-boxed elementor-section-height-default elementor-section-height-default\" data-id=\"c58d849\" data-element_type=\"section\" data-e-type=\"section\">\n\t\t\t\t\t\t<div class=\"elementor-container elementor-column-gap-default\">\n\t\t\t\t\t<div class=\"elementor-column elementor-col-100 elementor-top-column elementor-element elementor-element-5ab905b\" data-id=\"5ab905b\" data-element_type=\"column\" data-e-type=\"column\">\n\t\t\t<div class=\"elementor-widget-wrap elementor-element-populated\">\n\t\t\t\t\t\t<div class=\"elementor-element elementor-element-cfd5fff elementor-widget elementor-widget-spacer\" data-id=\"cfd5fff\" data-element_type=\"widget\" data-e-type=\"widget\" data-widget_type=\"spacer.default\">\n\t\t\t\t<div class=\"elementor-widget-container\">\n\t\t\t\t\t\t\t<div class=\"elementor-spacer\">\n\t\t\t<div class=\"elementor-spacer-inner\"><\/div>\n\t\t<\/div>\n\t\t\t\t\t\t<\/div>\n\t\t\t\t<\/div>\n\t\t\t\t\t<\/div>\n\t\t<\/div>\n\t\t\t\t\t<\/div>\n\t\t<\/section>\n\t\t\t\t<section class=\"elementor-section elementor-top-section elementor-element elementor-element-d4ebfbd elementor-section-boxed elementor-section-height-default elementor-section-height-default\" data-id=\"d4ebfbd\" data-element_type=\"section\" data-e-type=\"section\">\n\t\t\t\t\t\t<div class=\"elementor-container elementor-column-gap-default\">\n\t\t\t\t\t<div class=\"elementor-column elementor-col-100 elementor-top-column elementor-element elementor-element-9a29350\" data-id=\"9a29350\" data-element_type=\"column\" data-e-type=\"column\">\n\t\t\t<div class=\"elementor-widget-wrap elementor-element-populated\">\n\t\t\t\t\t\t<div class=\"elementor-element elementor-element-2c85eaa elementor-widget-divider--view-line elementor-widget elementor-widget-divider\" data-id=\"2c85eaa\" data-element_type=\"widget\" data-e-type=\"widget\" data-widget_type=\"divider.default\">\n\t\t\t\t<div class=\"elementor-widget-container\">\n\t\t\t\t\t\t\t<div class=\"elementor-divider\">\n\t\t\t<span class=\"elementor-divider-separator\">\n\t\t\t\t\t\t<\/span>\n\t\t<\/div>\n\t\t\t\t\t\t<\/div>\n\t\t\t\t<\/div>\n\t\t\t\t\t<\/div>\n\t\t<\/div>\n\t\t\t\t\t<\/div>\n\t\t<\/section>\n\t\t\t\t<section class=\"elementor-section elementor-top-section elementor-element elementor-element-3bc78fc elementor-section-boxed elementor-section-height-default elementor-section-height-default\" data-id=\"3bc78fc\" data-element_type=\"section\" data-e-type=\"section\">\n\t\t\t\t\t\t<div class=\"elementor-container elementor-column-gap-default\">\n\t\t\t\t\t<div class=\"elementor-column elementor-col-100 elementor-top-column elementor-element elementor-element-81355d9\" data-id=\"81355d9\" data-element_type=\"column\" data-e-type=\"column\">\n\t\t\t<div class=\"elementor-widget-wrap elementor-element-populated\">\n\t\t\t\t\t\t<div class=\"elementor-element elementor-element-564bafa elementor-widget elementor-widget-testimonial\" data-id=\"564bafa\" data-element_type=\"widget\" data-e-type=\"widget\" data-widget_type=\"testimonial.default\">\n\t\t\t\t<div class=\"elementor-widget-container\">\n\t\t\t\t\t\t\t<div class=\"elementor-testimonial-wrapper\">\n\t\t\t\t\t\t\t<div class=\"elementor-testimonial-content\">Tag der Streuobstwiese <br>  am alten Freibad \/ Jahnplatz  <br>   f\u00fcr weitere Infos den Button anklicken<\/div>\n\t\t\t\n\t\t\t\t\t\t<div class=\"elementor-testimonial-meta elementor-has-image elementor-testimonial-image-position-aside\">\n\t\t\t\t<div class=\"elementor-testimonial-meta-inner\">\n\t\t\t\t\t\t\t\t\t\t\t<div class=\"elementor-testimonial-image\">\n\t\t\t\t\t\t\t<a href=\"https:\/\/www.steinhuder-meer.de\/event\/tag-der-streuobstwiese-2026\"><img fetchpriority=\"high\" decoding=\"async\" width=\"800\" height=\"533\" src=\"https:\/\/imkerverein-wunstorf.info\/wp-content\/uploads\/2022\/12\/kalender-27139310.jpg\" class=\"attachment-full size-full wp-image-6717\" alt=\"\" srcset=\"https:\/\/imkerverein-wunstorf.info\/wp-content\/uploads\/2022\/12\/kalender-27139310.jpg 800w, https:\/\/imkerverein-wunstorf.info\/wp-content\/uploads\/2022\/12\/kalender-27139310-300x200.jpg 300w, https:\/\/imkerverein-wunstorf.info\/wp-content\/uploads\/2022\/12\/kalender-27139310-768x512.jpg 768w, https:\/\/imkerverein-wunstorf.info\/wp-content\/uploads\/2022\/12\/kalender-27139310-705x470.jpg 705w, https:\/\/imkerverein-wunstorf.info\/wp-content\/uploads\/2022\/12\/kalender-27139310-600x400.jpg 600w\" sizes=\"(max-width: 800px) 100vw, 800px\" \/><\/a>\t\t\t\t\t\t<\/div>\n\t\t\t\t\t\n\t\t\t\t\t\t\t\t\t\t<div class=\"elementor-testimonial-details\">\n\t\t\t\t\t\t\t\t\t\t\t\t\t\t<a class=\"elementor-testimonial-name\" href=\"https:\/\/www.steinhuder-meer.de\/event\/tag-der-streuobstwiese-2026\">25. April 2026<\/a>\n\t\t\t\t\t\t\t\t\t\t\t\t\t\t\t\t\t\t\t\t\t\t<a class=\"elementor-testimonial-job\" href=\"https:\/\/www.steinhuder-meer.de\/event\/tag-der-streuobstwiese-2026\">14-18 Uhr<\/a>\n\t\t\t\t\t\t\t\t\t\t\t\t\t<\/div>\n\t\t\t\t\t\t\t\t\t<\/div>\n\t\t\t<\/div>\n\t\t\t\t\t<\/div>\n\t\t\t\t\t\t<\/div>\n\t\t\t\t<\/div>\n\t\t\t\t\t<\/div>\n\t\t<\/div>\n\t\t\t\t\t<\/div>\n\t\t<\/section>\n\t\t\t\t<section class=\"elementor-section elementor-top-section elementor-element elementor-element-d767a06 elementor-section-boxed elementor-section-height-default elementor-section-height-default\" data-id=\"d767a06\" data-element_type=\"section\" data-e-type=\"section\">\n\t\t\t\t\t\t<div class=\"elementor-container elementor-column-gap-default\">\n\t\t\t\t\t<div class=\"elementor-column elementor-col-100 elementor-top-column elementor-element elementor-element-9804557\" data-id=\"9804557\" data-element_type=\"column\" data-e-type=\"column\">\n\t\t\t<div class=\"elementor-widget-wrap elementor-element-populated\">\n\t\t\t\t\t\t<div class=\"elementor-element elementor-element-0ca5e71 elementor-widget-divider--view-line elementor-widget elementor-widget-divider\" data-id=\"0ca5e71\" data-element_type=\"widget\" data-e-type=\"widget\" data-widget_type=\"divider.default\">\n\t\t\t\t<div class=\"elementor-widget-container\">\n\t\t\t\t\t\t\t<div class=\"elementor-divider\">\n\t\t\t<span class=\"elementor-divider-separator\">\n\t\t\t\t\t\t<\/span>\n\t\t<\/div>\n\t\t\t\t\t\t<\/div>\n\t\t\t\t<\/div>\n\t\t\t\t\t<\/div>\n\t\t<\/div>\n\t\t\t\t\t<\/div>\n\t\t<\/section>\n\t\t\t\t<section class=\"elementor-section elementor-top-section elementor-element elementor-element-1697f1d elementor-section-boxed elementor-section-height-default elementor-section-height-default\" data-id=\"1697f1d\" data-element_type=\"section\" data-e-type=\"section\">\n\t\t\t\t\t\t<div class=\"elementor-container elementor-column-gap-default\">\n\t\t\t\t\t<div class=\"elementor-column elementor-col-100 elementor-top-column elementor-element elementor-element-e405341\" data-id=\"e405341\" data-element_type=\"column\" data-e-type=\"column\">\n\t\t\t<div class=\"elementor-widget-wrap elementor-element-populated\">\n\t\t\t\t\t\t<div class=\"elementor-element elementor-element-c19031f elementor-widget elementor-widget-testimonial\" data-id=\"c19031f\" data-element_type=\"widget\" data-e-type=\"widget\" data-widget_type=\"testimonial.default\">\n\t\t\t\t<div class=\"elementor-widget-container\">\n\t\t\t\t\t\t\t<div class=\"elementor-testimonial-wrapper\">\n\t\t\t\t\t\t\t<div class=\"elementor-testimonial-content\">Woche der Natur <br>  Veranstaltung der Steuobstwiese und des Imkervereins <br>  f\u00fcr weitere Infos den Button anklicken<\/div>\n\t\t\t\n\t\t\t\t\t\t<div class=\"elementor-testimonial-meta elementor-has-image elementor-testimonial-image-position-aside\">\n\t\t\t\t<div class=\"elementor-testimonial-meta-inner\">\n\t\t\t\t\t\t\t\t\t\t\t<div class=\"elementor-testimonial-image\">\n\t\t\t\t\t\t\t<a href=\"https:\/\/streuobstwunstorf.de\/woche-der-natur-2026\/\"><img fetchpriority=\"high\" decoding=\"async\" width=\"800\" height=\"533\" src=\"https:\/\/imkerverein-wunstorf.info\/wp-content\/uploads\/2022\/12\/kalender-27139310.jpg\" class=\"attachment-full size-full wp-image-6717\" alt=\"\" srcset=\"https:\/\/imkerverein-wunstorf.info\/wp-content\/uploads\/2022\/12\/kalender-27139310.jpg 800w, https:\/\/imkerverein-wunstorf.info\/wp-content\/uploads\/2022\/12\/kalender-27139310-300x200.jpg 300w, https:\/\/imkerverein-wunstorf.info\/wp-content\/uploads\/2022\/12\/kalender-27139310-768x512.jpg 768w, https:\/\/imkerverein-wunstorf.info\/wp-content\/uploads\/2022\/12\/kalender-27139310-705x470.jpg 705w, https:\/\/imkerverein-wunstorf.info\/wp-content\/uploads\/2022\/12\/kalender-27139310-600x400.jpg 600w\" sizes=\"(max-width: 800px) 100vw, 800px\" \/><\/a>\t\t\t\t\t\t<\/div>\n\t\t\t\t\t\n\t\t\t\t\t\t\t\t\t\t<div class=\"elementor-testimonial-details\">\n\t\t\t\t\t\t\t\t\t\t\t\t\t\t<a class=\"elementor-testimonial-name\" href=\"https:\/\/streuobstwunstorf.de\/woche-der-natur-2026\/\">27.Juni 2026<\/a>\n\t\t\t\t\t\t\t\t\t\t\t\t\t\t\t\t\t\t\t\t\t\t<a class=\"elementor-testimonial-job\" href=\"https:\/\/streuobstwunstorf.de\/woche-der-natur-2026\/\">14-18 Uhr<\/a>\n\t\t\t\t\t\t\t\t\t\t\t\t\t<\/div>\n\t\t\t\t\t\t\t\t\t<\/div>\n\t\t\t<\/div>\n\t\t\t\t\t<\/div>\n\t\t\t\t\t\t<\/div>\n\t\t\t\t<\/div>\n\t\t\t\t\t<\/div>\n\t\t<\/div>\n\t\t\t\t\t<\/div>\n\t\t<\/section>\n\t\t\t\t<section class=\"elementor-section elementor-top-section elementor-element elementor-element-a5ae954 elementor-section-boxed elementor-section-height-default elementor-section-height-default\" data-id=\"a5ae954\" data-element_type=\"section\" data-e-type=\"section\">\n\t\t\t\t\t\t<div class=\"elementor-container elementor-column-gap-default\">\n\t\t\t\t\t<div class=\"elementor-column elementor-col-100 elementor-top-column elementor-element elementor-element-332d0e5\" data-id=\"332d0e5\" data-element_type=\"column\" data-e-type=\"column\">\n\t\t\t<div class=\"elementor-widget-wrap elementor-element-populated\">\n\t\t\t\t\t\t<div class=\"elementor-element elementor-element-40bfacf elementor-widget-divider--view-line elementor-widget elementor-widget-divider\" data-id=\"40bfacf\" data-element_type=\"widget\" data-e-type=\"widget\" data-widget_type=\"divider.default\">\n\t\t\t\t<div class=\"elementor-widget-container\">\n\t\t\t\t\t\t\t<div class=\"elementor-divider\">\n\t\t\t<span class=\"elementor-divider-separator\">\n\t\t\t\t\t\t<\/span>\n\t\t<\/div>\n\t\t\t\t\t\t<\/div>\n\t\t\t\t<\/div>\n\t\t\t\t\t<\/div>\n\t\t<\/div>\n\t\t\t\t\t<\/div>\n\t\t<\/section>\n\t\t\t\t<section class=\"elementor-section elementor-top-section elementor-element elementor-element-38baf43 elementor-section-boxed elementor-section-height-default elementor-section-height-default\" data-id=\"38baf43\" data-element_type=\"section\" data-e-type=\"section\">\n\t\t\t\t\t\t<div class=\"elementor-container elementor-column-gap-default\">\n\t\t\t\t\t<div class=\"elementor-column elementor-col-100 elementor-top-column elementor-element elementor-element-10b6c2f\" data-id=\"10b6c2f\" data-element_type=\"column\" data-e-type=\"column\">\n\t\t\t<div class=\"elementor-widget-wrap elementor-element-populated\">\n\t\t\t\t\t\t<div class=\"elementor-element elementor-element-ec880ea elementor-widget elementor-widget-testimonial\" data-id=\"ec880ea\" data-element_type=\"widget\" data-e-type=\"widget\" data-widget_type=\"testimonial.default\">\n\t\t\t\t<div class=\"elementor-widget-container\">\n\t\t\t\t\t\t\t<div class=\"elementor-testimonial-wrapper\">\n\t\t\t\t\t\t\t<div class=\"elementor-testimonial-content\">Ferienpassaktion<\/div>\n\t\t\t\n\t\t\t\t\t\t<div class=\"elementor-testimonial-meta elementor-has-image elementor-testimonial-image-position-aside\">\n\t\t\t\t<div class=\"elementor-testimonial-meta-inner\">\n\t\t\t\t\t\t\t\t\t\t\t<div class=\"elementor-testimonial-image\">\n\t\t\t\t\t\t\t<img fetchpriority=\"high\" decoding=\"async\" width=\"800\" height=\"533\" src=\"https:\/\/imkerverein-wunstorf.info\/wp-content\/uploads\/2022\/12\/kalender-27139310.jpg\" class=\"attachment-full size-full wp-image-6717\" alt=\"\" srcset=\"https:\/\/imkerverein-wunstorf.info\/wp-content\/uploads\/2022\/12\/kalender-27139310.jpg 800w, https:\/\/imkerverein-wunstorf.info\/wp-content\/uploads\/2022\/12\/kalender-27139310-300x200.jpg 300w, https:\/\/imkerverein-wunstorf.info\/wp-content\/uploads\/2022\/12\/kalender-27139310-768x512.jpg 768w, https:\/\/imkerverein-wunstorf.info\/wp-content\/uploads\/2022\/12\/kalender-27139310-705x470.jpg 705w, https:\/\/imkerverein-wunstorf.info\/wp-content\/uploads\/2022\/12\/kalender-27139310-600x400.jpg 600w\" sizes=\"(max-width: 800px) 100vw, 800px\" \/>\t\t\t\t\t\t<\/div>\n\t\t\t\t\t\n\t\t\t\t\t\t\t\t\t\t<div class=\"elementor-testimonial-details\">\n\t\t\t\t\t\t\t\t\t\t\t\t\t\t<div class=\"elementor-testimonial-name\">13.Juli 2026<\/div>\n\t\t\t\t\t\t\t\t\t\t\t\t\t\t\t\t\t\t\t<\/div>\n\t\t\t\t\t\t\t\t\t<\/div>\n\t\t\t<\/div>\n\t\t\t\t\t<\/div>\n\t\t\t\t\t\t<\/div>\n\t\t\t\t<\/div>\n\t\t\t\t\t<\/div>\n\t\t<\/div>\n\t\t\t\t\t<\/div>\n\t\t<\/section>\n\t\t\t\t<section class=\"elementor-section elementor-top-section elementor-element elementor-element-f10803f elementor-section-boxed elementor-section-height-default elementor-section-height-default\" data-id=\"f10803f\" data-element_type=\"section\" data-e-type=\"section\">\n\t\t\t\t\t\t<div class=\"elementor-container elementor-column-gap-default\">\n\t\t\t\t\t<div class=\"elementor-column elementor-col-100 elementor-top-column elementor-element elementor-element-61493bc\" data-id=\"61493bc\" data-element_type=\"column\" data-e-type=\"column\">\n\t\t\t<div class=\"elementor-widget-wrap elementor-element-populated\">\n\t\t\t\t\t\t<div class=\"elementor-element elementor-element-35d5802 elementor-widget-divider--view-line elementor-widget elementor-widget-divider\" data-id=\"35d5802\" data-element_type=\"widget\" data-e-type=\"widget\" data-widget_type=\"divider.default\">\n\t\t\t\t<div class=\"elementor-widget-container\">\n\t\t\t\t\t\t\t<div class=\"elementor-divider\">\n\t\t\t<span class=\"elementor-divider-separator\">\n\t\t\t\t\t\t<\/span>\n\t\t<\/div>\n\t\t\t\t\t\t<\/div>\n\t\t\t\t<\/div>\n\t\t\t\t\t<\/div>\n\t\t<\/div>\n\t\t\t\t\t<\/div>\n\t\t<\/section>\n\t\t\t\t<\/div>\n\t\t","protected":false},"excerpt":{"rendered":"<p>Der IV Hannover-S\u00fcd e.V. hei\u00dft alle G\u00e4ste herzlich willkommen.: &#8222;Ist eine moderne Zeidlerei m\u00f6glich?&#8220; Kann diese historische Art der Imkerei ein Einkommen sichern? Erfahrungsbericht zu moderner Zeidlerei Waldbienenhaltung von Bienenv\u00f6lkern in lebenden B\u00e4umen und Klotzbeuten in Einzelaufstellung. Herstellung der k\u00fcnstlichen Baumh\u00f6hlen Einlogieren von Bienenv\u00f6lkern Betriebsweise mit Naturbauwaben Bienengesundheit Varroadiagnose und ggf. n\u00f6tiger Varroabehandlung Spannungsfeld Wildbienen\/Honigbienen &hellip; <\/p>\n<p class=\"link-more\"><a href=\"https:\/\/imkerverein-wunstorf.info\/?page_id=5728\" class=\"more-link\">Mehr <span class=\"screen-reader-text\">\u00fcber &#8222;Aktuelles&#8220; <\/span>Lesen<\/a><\/p>\n","protected":false},"author":1,"featured_media":0,"parent":0,"menu_order":0,"comment_status":"closed","ping_status":"closed","template":"","meta":{"inspiro_hide_title":false,"footnotes":""},"class_list":["post-5728","page","type-page","status-publish","hentry"],"featured_media_urls":[],"_links":{"self":[{"href":"https:\/\/imkerverein-wunstorf.info\/index.php?rest_route=\/wp\/v2\/pages\/5728","targetHints":{"allow":["GET"]}}],"collection":[{"href":"https:\/\/imkerverein-wunstorf.info\/index.php?rest_route=\/wp\/v2\/pages"}],"about":[{"href":"https:\/\/imkerverein-wunstorf.info\/index.php?rest_route=\/wp\/v2\/types\/page"}],"author":[{"embeddable":true,"href":"https:\/\/imkerverein-wunstorf.info\/index.php?rest_route=\/wp\/v2\/users\/1"}],"replies":[{"embeddable":true,"href":"https:\/\/imkerverein-wunstorf.info\/index.php?rest_route=%2Fwp%2Fv2%2Fcomments&post=5728"}],"version-history":[{"count":743,"href":"https:\/\/imkerverein-wunstorf.info\/index.php?rest_route=\/wp\/v2\/pages\/5728\/revisions"}],"predecessor-version":[{"id":8770,"href":"https:\/\/imkerverein-wunstorf.info\/index.php?rest_route=\/wp\/v2\/pages\/5728\/revisions\/8770"}],"wp:attachment":[{"href":"https:\/\/imkerverein-wunstorf.info\/index.php?rest_route=%2Fwp%2Fv2%2Fmedia&parent=5728"}],"curies":[{"name":"wp","href":"https:\/\/api.w.org\/{rel}","templated":true}]}}