{"id":4598,"date":"2019-02-23T13:05:33","date_gmt":"2019-02-23T12:05:33","guid":{"rendered":"http:\/\/imkerverein-wunstorf.info\/?page_id=4598"},"modified":"2025-01-26T19:54:45","modified_gmt":"2025-01-26T18:54:45","slug":"imkerverein-wunstorf","status":"publish","type":"page","link":"https:\/\/imkerverein-wunstorf.info\/","title":{"rendered":"Imkerverein Wunstorf"},"content":{"rendered":"\t\t<div data-elementor-type=\"wp-post\" data-elementor-id=\"4598\" class=\"elementor elementor-4598\">\n\t\t\t\t\t\t<section class=\"elementor-section elementor-top-section elementor-element elementor-element-336564e elementor-section-full_width elementor-section-height-default elementor-section-height-default\" data-id=\"336564e\" data-element_type=\"section\" data-e-type=\"section\">\n\t\t\t\t\t\t<div class=\"elementor-container elementor-column-gap-default\">\n\t\t\t\t\t<div class=\"elementor-column elementor-col-100 elementor-top-column elementor-element elementor-element-5bc3398\" data-id=\"5bc3398\" data-element_type=\"column\" data-e-type=\"column\">\n\t\t\t<div class=\"elementor-widget-wrap elementor-element-populated\">\n\t\t\t\t\t\t\t<\/div>\n\t\t<\/div>\n\t\t\t\t\t<\/div>\n\t\t<\/section>\n\t\t\t\t<section class=\"elementor-section elementor-top-section elementor-element elementor-element-503926a elementor-section-boxed elementor-section-height-default elementor-section-height-default\" data-id=\"503926a\" data-element_type=\"section\" data-e-type=\"section\">\n\t\t\t\t\t\t<div class=\"elementor-container elementor-column-gap-default\">\n\t\t\t\t\t<div class=\"elementor-column elementor-col-100 elementor-top-column elementor-element elementor-element-2f98acf\" data-id=\"2f98acf\" data-element_type=\"column\" data-e-type=\"column\">\n\t\t\t<div class=\"elementor-widget-wrap elementor-element-populated\">\n\t\t\t\t\t\t<div class=\"elementor-element elementor-element-4179cc9 elementor-widget elementor-widget-image\" data-id=\"4179cc9\" data-element_type=\"widget\" data-e-type=\"widget\" data-widget_type=\"image.default\">\n\t\t\t\t<div class=\"elementor-widget-container\">\n\t\t\t\t\t\t\t\t\t\t\t\t\t\t\t<img fetchpriority=\"high\" decoding=\"async\" width=\"950\" height=\"320\" src=\"https:\/\/imkerverein-wunstorf.info\/wp-content\/uploads\/2020\/05\/hive-2351603-2.jpg-Kompr.-1024x768-1-950x320.jpg\" class=\"attachment-inspiro-loop size-inspiro-loop wp-image-5807\" alt=\"\" sizes=\"100vw\" \/>\t\t\t\t\t\t\t\t\t\t\t\t\t\t\t<\/div>\n\t\t\t\t<\/div>\n\t\t\t\t\t<\/div>\n\t\t<\/div>\n\t\t\t\t\t<\/div>\n\t\t<\/section>\n\t\t\t\t<section class=\"elementor-section elementor-top-section elementor-element elementor-element-94b2494 elementor-section-boxed elementor-section-height-default elementor-section-height-default\" data-id=\"94b2494\" data-element_type=\"section\" data-e-type=\"section\">\n\t\t\t\t\t\t<div class=\"elementor-container elementor-column-gap-default\">\n\t\t\t\t\t<div class=\"elementor-column elementor-col-100 elementor-top-column elementor-element elementor-element-fdafa5f\" data-id=\"fdafa5f\" data-element_type=\"column\" data-e-type=\"column\">\n\t\t\t<div class=\"elementor-widget-wrap elementor-element-populated\">\n\t\t\t\t\t\t<div class=\"elementor-element elementor-element-94c243a elementor-widget elementor-widget-text-editor\" data-id=\"94c243a\" data-element_type=\"widget\" data-e-type=\"widget\" data-widget_type=\"text-editor.default\">\n\t\t\t\t<div class=\"elementor-widget-container\">\n\t\t\t\t\t\t\t\t\t<h3 style=\"text-align: left;\"><strong>Einen Schwarm melden<\/strong><\/h3><h3 style=\"text-align: left;\"><span style=\"color: var( --e-global-color-text ); font-family: var( --e-global-typography-text-font-family ), Sans-serif; font-weight: var( --e-global-typography-text-font-weight ); font-size: 16px;\">Aufgrund der Varroamilbe k\u00f6nnen Bienen ohne die Hilfe eines Imkers nicht \u00fcberleben. <\/span><span style=\"color: var( --e-global-color-text ); font-family: var( --e-global-typography-text-font-family ), Sans-serif; font-weight: var( --e-global-typography-text-font-weight ); font-size: 16px;\">Oft \u00fcberstehen die geschw\u00e4rmten V\u00f6lker ohne imkerliche Betreuung nicht einmal den ersten Winter. <\/span><span style=\"color: var( --e-global-color-text ); font-family: var( --e-global-typography-text-font-family ), Sans-serif; font-weight: var( --e-global-typography-text-font-weight ); font-size: 16px;\">Wenn ihr einen Bienenschwarm seht, meldet euch bei<\/span><strong style=\"color: var( --e-global-color-text ); font-family: var( --e-global-typography-text-font-family ), Sans-serif; font-size: 16px;\">\u00a0 \u00a0 \u00a0 \u00a0 \u00a0 \u00a0 \u00a0 \u00a0 \u00a0 \u00a0 \u00a0 \u00a0 \u00a0 \u00a0 \u00a0 \u00a0 \u00a0 \u00a0<\/strong><\/h3><h3 style=\"text-align: left;\"><strong style=\"font-family: var( --e-global-typography-text-font-family ), Sans-serif; color: var( --e-global-color-text ); font-size: 16px;\">\u00a0Imker Stefan Kamp<\/strong><span style=\"font-family: var( --e-global-typography-text-font-family ), Sans-serif; color: var( --e-global-color-text ); font-weight: var( --e-global-typography-text-font-weight ); font-size: 16px;\">\u00a0 \u00a0 \u00a0 \u00a0 \u00a0 \u00a0 \u00a0 \u00a0 \u00a0 \u00a0 \u00a0 \u00a0 \u00a0 \u00a0 \u00a0 \u00a0 \u00a0 \u00a0 \u00a0 \u00a0 \u00a0 \u00a0 Tel: <\/span><strong style=\"font-family: var( --e-global-typography-text-font-family ), Sans-serif; color: var( --e-global-color-text ); font-size: 16px;\">0172\/1662696 <\/strong><strong style=\"font-family: var( --e-global-typography-text-font-family ), Sans-serif; color: var( --e-global-color-text ); font-size: 16px;\">\u00a0 \u00a0<\/strong><strong style=\"font-family: var( --e-global-typography-text-font-family ), Sans-serif; color: var( --e-global-color-text ); font-size: 16px;\">\u00a0 \u00a0 \u00a0 \u00a0 \u00a0 \u00a0 \u00a0 <\/strong><\/h3><h3 style=\"text-align: left;\"><strong style=\"font-family: var( --e-global-typography-text-font-family ), Sans-serif; color: var( --e-global-color-text ); font-size: 16px;\">Imker Friedrich Kelb <\/strong><span style=\"font-family: var( --e-global-typography-text-font-family ), Sans-serif; color: var( --e-global-color-text ); font-weight: var( --e-global-typography-text-font-weight ); font-size: 16px;\">( im Kreis Steinhude) \u00a0 \u00a0 \u00a0 \u00a0Tel:<\/span><strong style=\"font-family: var( --e-global-typography-text-font-family ), Sans-serif; color: var( --e-global-color-text ); font-size: 16px;\">05033\/1427 \u00a0 \u00a0 \u00a0 \u00a0 \u00a0 \u00a0 \u00a0 \u00a0 \u00a0 \u00a0 \u00a0 \u00a0 \u00a0 \u00a0 \u00a0 \u00a0 \u00a0 \u00a0 \u00a0 \u00a0 \u00a0 \u00a0 \u00a0 \u00a0 \u00a0 \u00a0 \u00a0 \u00a0 \u00a0 \u00a0 \u00a0 \u00a0 \u00a0 \u00a0 \u00a0 \u00a0 \u00a0 \u00a0 \u00a0 \u00a0 \u00a0 \u00a0 \u00a0 \u00a0 \u00a0 \u00a0 \u00a0 \u00a0 \u00a0 \u00a0 \u00a0 \u00a0 \u00a0 \u00a0 \u00a0 \u00a0 <\/strong><\/h3><h3 style=\"text-align: left;\"><strong style=\"font-family: var( --e-global-typography-text-font-family ), Sans-serif; color: var( --e-global-color-text ); font-size: 16px;\">Imker Hagen Riemer <\/strong><span style=\"font-family: var( --e-global-typography-text-font-family ), Sans-serif; color: var( --e-global-color-text ); font-weight: var( --e-global-typography-text-font-weight ); font-size: 16px;\">(Barsinghausen) \u00a0 \u00a0 \u00a0 \u00a0 \u00a0 \u00a0 \u00a0 Tel:<\/span><strong style=\"font-family: var( --e-global-typography-text-font-family ), Sans-serif; color: var( --e-global-color-text ); font-size: 16px;\"> 05105\/81436 \u00a0 \u00a0 \u00a0 \u00a0 \u00a0 \u00a0 \u00a0 \u00a0 \u00a0 \u00a0 \u00a0 \u00a0 \u00a0 \u00a0 \u00a0 \u00a0 \u00a0 \u00a0 \u00a0 \u00a0 \u00a0 \u00a0 \u00a0 \u00a0 \u00a0 \u00a0 \u00a0 \u00a0 \u00a0 \u00a0 \u00a0 \u00a0 \u00a0 \u00a0 \u00a0 \u00a0 \u00a0 \u00a0 \u00a0 \u00a0 \u00a0 \u00a0 \u00a0 \u00a0 \u00a0 \u00a0 \u00a0 \u00a0 \u00a0 \u00a0 \u00a0 \u00a0 \u00a0 \u00a0 \u00a0<\/strong><\/h3><h3 style=\"text-align: left;\"><strong style=\"font-family: var( --e-global-typography-text-font-family ), Sans-serif; color: var( --e-global-color-text ); font-size: 16px;\">Imker Peter Hinrichsen <\/strong><span style=\"font-family: var( --e-global-typography-text-font-family ), Sans-serif; color: var( --e-global-color-text ); font-weight: var( --e-global-typography-text-font-weight ); font-size: 16px;\">(Wunstorf, Luthe) \u00a0 \u00a0 \u00a0 \u00a0Tel: <\/span><strong style=\"font-family: var( --e-global-typography-text-font-family ), Sans-serif; color: var( --e-global-color-text ); font-size: 16px;\">05031\/971809<\/strong><span style=\"font-family: var( --e-global-typography-text-font-family ), Sans-serif; color: var( --e-global-color-text ); font-weight: var( --e-global-typography-text-font-weight ); font-size: 16px;\"> \u00a0 \u00a0 \u00a0 \u00a0 \u00a0 \u00a0 \u00a0 \u00a0 \u00a0 \u00a0 \u00a0 \u00a0 \u00a0 \u00a0 \u00a0 \u00a0 \u00a0 \u00a0 \u00a0 \u00a0 \u00a0 \u00a0 \u00a0 \u00a0 \u00a0 \u00a0 \u00a0 \u00a0 \u00a0 \u00a0 \u00a0 \u00a0 \u00a0 \u00a0 \u00a0 \u00a0 \u00a0 \u00a0 \u00a0 \u00a0 \u00a0 \u00a0 \u00a0 \u00a0 \u00a0 \u00a0 \u00a0 \u00a0 \u00a0 \u00a0 \u00a0 \u00a0 \u00a0 \u00a0 <\/span><\/h3><h3 style=\"text-align: left;\"><strong style=\"font-family: var( --e-global-typography-text-font-family ), Sans-serif; color: var( --e-global-color-text ); font-size: 16px;\">Imker Thorsten Brunner<\/strong><span style=\"font-family: var( --e-global-typography-text-font-family ), Sans-serif; color: var( --e-global-color-text ); font-weight: var( --e-global-typography-text-font-weight ); font-size: 16px;\"> ( Wunstorf) \u00a0 \u00a0 \u00a0 \u00a0 \u00a0 \u00a0 \u00a0 \u00a0 \u00a0Tel: <\/span><strong style=\"font-family: var( --e-global-typography-text-font-family ), Sans-serif; color: var( --e-global-color-text ); font-size: 16px;\">05031\/2050<\/strong><\/h3><p>Solltet ihr unter diesen Telefonnummern keinen erreichen, k\u00f6nnt ihr den Bienenschwarm unter\u00a0<span style=\"text-decoration: underline;\"><span style=\"color: #0000ff;\"><a style=\"color: #0000ff; text-decoration: underline;\" href=\"https:\/\/www.google.com\/url?sa=t&amp;rct=j&amp;q=&amp;esrc=s&amp;source=web&amp;cd=1&amp;cad=rja&amp;uact=8&amp;ved=2ahUKEwimjZXp3anpAhWlyKYKHdfjBd0QFjAAegQIBxAC&amp;url=https%3A%2F%2Fwww.schwarmboerse.de%2F&amp;usg=AOvVaw1ryfvWkXwawZoHE7Btuyy_\">www.schwarmboerse.de<\/a><\/span><\/span>\u00a0melden.<\/p><p class=\"has-text-color has-vivid-red-color\"><strong>Bei Fragen zu Wespen und Hornissen wenden Sie sich an die Naturschutzbeauftragten der Region Hannover.<\/strong><\/p><p class=\"has-text-color has-vivid-red-color\"><span style=\"text-decoration: underline;\"><span style=\"color: #0000ff;\"><a style=\"color: #0000ff; text-decoration: underline;\" href=\"https:\/\/www.google.com\/url?sa=t&amp;rct=j&amp;q=&amp;esrc=s&amp;source=web&amp;cd=1&amp;cad=rja&amp;uact=8&amp;ved=2ahUKEwi_tenB_O3jAhWRuIsKHSCsDOgQFjAAegQIBBAB&amp;url=https%3A%2F%2Fwww.hannover.de%2FLeben-in-der-Region-Hannover%2FUmwelt-Nachhaltigkeit%2FNaturschutz%2FAufgaben-Projekte%2FNaturschutzbeauftragte-der-Region-Hannover&amp;usg=AOvVaw0_-RLNLcuC9J_lkbg24tjY\">Naturschutz Region Hannover<\/a><\/span><\/span><\/p>\t\t\t\t\t\t\t\t<\/div>\n\t\t\t\t<\/div>\n\t\t\t\t\t<\/div>\n\t\t<\/div>\n\t\t\t\t\t<\/div>\n\t\t<\/section>\n\t\t\t\t<section class=\"elementor-section elementor-top-section elementor-element elementor-element-dcace09 elementor-section-boxed elementor-section-height-default elementor-section-height-default\" data-id=\"dcace09\" data-element_type=\"section\" data-e-type=\"section\">\n\t\t\t\t\t\t<div class=\"elementor-container elementor-column-gap-default\">\n\t\t\t\t\t<div class=\"elementor-column elementor-col-100 elementor-top-column elementor-element elementor-element-4015cd9\" data-id=\"4015cd9\" data-element_type=\"column\" data-e-type=\"column\">\n\t\t\t<div class=\"elementor-widget-wrap elementor-element-populated\">\n\t\t\t\t\t\t<div class=\"elementor-element elementor-element-3dec4f8 elementor-widget elementor-widget-spacer\" data-id=\"3dec4f8\" data-element_type=\"widget\" data-e-type=\"widget\" data-widget_type=\"spacer.default\">\n\t\t\t\t<div class=\"elementor-widget-container\">\n\t\t\t\t\t\t\t<div class=\"elementor-spacer\">\n\t\t\t<div class=\"elementor-spacer-inner\"><\/div>\n\t\t<\/div>\n\t\t\t\t\t\t<\/div>\n\t\t\t\t<\/div>\n\t\t\t\t\t<\/div>\n\t\t<\/div>\n\t\t\t\t\t<\/div>\n\t\t<\/section>\n\t\t\t\t<section class=\"elementor-section elementor-top-section elementor-element elementor-element-d529ad4 elementor-section-boxed elementor-section-height-default elementor-section-height-default\" data-id=\"d529ad4\" data-element_type=\"section\" data-e-type=\"section\">\n\t\t\t\t\t\t<div class=\"elementor-container elementor-column-gap-default\">\n\t\t\t\t\t<div class=\"elementor-column elementor-col-100 elementor-top-column elementor-element elementor-element-f224c4f\" data-id=\"f224c4f\" data-element_type=\"column\" data-e-type=\"column\">\n\t\t\t<div class=\"elementor-widget-wrap elementor-element-populated\">\n\t\t\t\t\t\t<section class=\"elementor-section elementor-inner-section elementor-element elementor-element-84e1e97 elementor-section-boxed elementor-section-height-default elementor-section-height-default\" data-id=\"84e1e97\" data-element_type=\"section\" data-e-type=\"section\">\n\t\t\t\t\t\t<div class=\"elementor-container elementor-column-gap-default\">\n\t\t\t\t\t<div class=\"elementor-column elementor-col-50 elementor-inner-column elementor-element elementor-element-b182d48\" data-id=\"b182d48\" data-element_type=\"column\" data-e-type=\"column\">\n\t\t\t<div class=\"elementor-widget-wrap elementor-element-populated\">\n\t\t\t\t\t\t<div class=\"elementor-element elementor-element-06f44c8 elementor-widget elementor-widget-image\" data-id=\"06f44c8\" data-element_type=\"widget\" data-e-type=\"widget\" data-widget_type=\"image.default\">\n\t\t\t\t<div class=\"elementor-widget-container\">\n\t\t\t\t\t\t\t\t\t\t\t\t\t\t\t<img decoding=\"async\" width=\"600\" height=\"400\" src=\"https:\/\/imkerverein-wunstorf.info\/wp-content\/uploads\/2025\/01\/Igel-auf-Waage-600x400.jpg\" class=\"attachment-portfolio_item-thumbnail size-portfolio_item-thumbnail wp-image-8280\" alt=\"\" srcset=\"https:\/\/imkerverein-wunstorf.info\/wp-content\/uploads\/2025\/01\/Igel-auf-Waage-600x400.jpg 600w, https:\/\/imkerverein-wunstorf.info\/wp-content\/uploads\/2025\/01\/Igel-auf-Waage-1200x800.jpg 1200w\" sizes=\"100vw\" \/>\t\t\t\t\t\t\t\t\t\t\t\t\t\t\t<\/div>\n\t\t\t\t<\/div>\n\t\t\t\t\t<\/div>\n\t\t<\/div>\n\t\t\t\t<div class=\"elementor-column elementor-col-50 elementor-inner-column elementor-element elementor-element-f919c8f\" data-id=\"f919c8f\" data-element_type=\"column\" data-e-type=\"column\">\n\t\t\t<div class=\"elementor-widget-wrap elementor-element-populated\">\n\t\t\t\t\t\t<div class=\"elementor-element elementor-element-01f330f elementor-widget elementor-widget-image\" data-id=\"01f330f\" data-element_type=\"widget\" data-e-type=\"widget\" data-widget_type=\"image.default\">\n\t\t\t\t<div class=\"elementor-widget-container\">\n\t\t\t\t\t\t\t\t\t\t\t\t\t\t\t<img decoding=\"async\" width=\"950\" height=\"633\" src=\"https:\/\/imkerverein-wunstorf.info\/wp-content\/uploads\/2025\/01\/drone-4239606_1280-1024x682.jpg\" class=\"attachment-large size-large wp-image-8231\" alt=\"\" srcset=\"https:\/\/imkerverein-wunstorf.info\/wp-content\/uploads\/2025\/01\/drone-4239606_1280-1024x682.jpg 1024w, https:\/\/imkerverein-wunstorf.info\/wp-content\/uploads\/2025\/01\/drone-4239606_1280-300x200.jpg 300w, https:\/\/imkerverein-wunstorf.info\/wp-content\/uploads\/2025\/01\/drone-4239606_1280-600x400.jpg 600w, https:\/\/imkerverein-wunstorf.info\/wp-content\/uploads\/2025\/01\/drone-4239606_1280-1200x800.jpg 1200w, https:\/\/imkerverein-wunstorf.info\/wp-content\/uploads\/2025\/01\/drone-4239606_1280.jpg 1280w\" sizes=\"100vw\" \/>\t\t\t\t\t\t\t\t\t\t\t\t\t\t\t<\/div>\n\t\t\t\t<\/div>\n\t\t\t\t\t<\/div>\n\t\t<\/div>\n\t\t\t\t\t<\/div>\n\t\t<\/section>\n\t\t\t\t\t<\/div>\n\t\t<\/div>\n\t\t\t\t\t<\/div>\n\t\t<\/section>\n\t\t\t\t<section class=\"elementor-section elementor-top-section elementor-element elementor-element-d5fc043 elementor-section-boxed elementor-section-height-default elementor-section-height-default\" data-id=\"d5fc043\" data-element_type=\"section\" data-e-type=\"section\">\n\t\t\t\t\t\t<div class=\"elementor-container elementor-column-gap-default\">\n\t\t\t\t\t<div class=\"elementor-column elementor-col-100 elementor-top-column elementor-element elementor-element-a7ad85f\" data-id=\"a7ad85f\" data-element_type=\"column\" data-e-type=\"column\">\n\t\t\t<div class=\"elementor-widget-wrap elementor-element-populated\">\n\t\t\t\t\t\t<div class=\"elementor-element elementor-element-0f2fbe7 elementor-widget elementor-widget-text-editor\" data-id=\"0f2fbe7\" data-element_type=\"widget\" data-e-type=\"widget\" data-widget_type=\"text-editor.default\">\n\t\t\t\t<div class=\"elementor-widget-container\">\n\t\t\t\t\t\t\t\t\t<h3>Drohnenbrut f\u00fcr junge Igel<\/h3><p><span style=\"color: #000000;\">Imkerinnen und Imker, die Drohnenbrut schneiden, k\u00f6nnen diese zur Aufzucht von jungen Igeln zur Verf\u00fcgung stellen. <\/span><\/p><p><span style=\"color: #000000;\"><strong>Petra Sommer<\/strong>, Plantagenweg 25c, Wunstorf oder Fuhrenweg 24, Steinhude &#8211; <strong>Tel.0172-4361807<\/strong> &#8211; holt auf Anruf entsprechende Waben ab. <\/span><\/p><p><span style=\"color: #000000;\">Wenn erst gr\u00f6\u00dfere Mengen zusammenkommen sollen, bitte die Brutwaben bis zur Abholung einfrieren. Der Restwachs kann zur\u00fcckgegeben werden.<\/span><\/p>\t\t\t\t\t\t\t\t<\/div>\n\t\t\t\t<\/div>\n\t\t\t\t\t<\/div>\n\t\t<\/div>\n\t\t\t\t\t<\/div>\n\t\t<\/section>\n\t\t\t\t<\/div>\n\t\t","protected":false},"excerpt":{"rendered":"<p>Einen Schwarm melden Aufgrund der Varroamilbe k\u00f6nnen Bienen ohne die Hilfe eines Imkers nicht \u00fcberleben. Oft \u00fcberstehen die geschw\u00e4rmten V\u00f6lker ohne imkerliche Betreuung nicht einmal den ersten Winter. Wenn ihr einen Bienenschwarm seht, meldet euch bei\u00a0 \u00a0 \u00a0 \u00a0 \u00a0 \u00a0 \u00a0 \u00a0 \u00a0 \u00a0 \u00a0 \u00a0 \u00a0 \u00a0 \u00a0 \u00a0 \u00a0 \u00a0 \u00a0Imker Stefan &hellip; <\/p>\n<p class=\"link-more\"><a href=\"https:\/\/imkerverein-wunstorf.info\/\" class=\"more-link\">Mehr <span class=\"screen-reader-text\">\u00fcber &#8222;Imkerverein Wunstorf&#8220; <\/span>Lesen<\/a><\/p>\n","protected":false},"author":2,"featured_media":0,"parent":0,"menu_order":0,"comment_status":"closed","ping_status":"closed","template":"","meta":{"inspiro_hide_title":false,"footnotes":""},"class_list":["post-4598","page","type-page","status-publish","hentry"],"featured_media_urls":[],"_links":{"self":[{"href":"https:\/\/imkerverein-wunstorf.info\/index.php?rest_route=\/wp\/v2\/pages\/4598","targetHints":{"allow":["GET"]}}],"collection":[{"href":"https:\/\/imkerverein-wunstorf.info\/index.php?rest_route=\/wp\/v2\/pages"}],"about":[{"href":"https:\/\/imkerverein-wunstorf.info\/index.php?rest_route=\/wp\/v2\/types\/page"}],"author":[{"embeddable":true,"href":"https:\/\/imkerverein-wunstorf.info\/index.php?rest_route=\/wp\/v2\/users\/2"}],"replies":[{"embeddable":true,"href":"https:\/\/imkerverein-wunstorf.info\/index.php?rest_route=%2Fwp%2Fv2%2Fcomments&post=4598"}],"version-history":[{"count":152,"href":"https:\/\/imkerverein-wunstorf.info\/index.php?rest_route=\/wp\/v2\/pages\/4598\/revisions"}],"predecessor-version":[{"id":8286,"href":"https:\/\/imkerverein-wunstorf.info\/index.php?rest_route=\/wp\/v2\/pages\/4598\/revisions\/8286"}],"wp:attachment":[{"href":"https:\/\/imkerverein-wunstorf.info\/index.php?rest_route=%2Fwp%2Fv2%2Fmedia&parent=4598"}],"curies":[{"name":"wp","href":"https:\/\/api.w.org\/{rel}","templated":true}]}}